{"id":13,"date":"2009-12-19T20:28:49","date_gmt":"2009-12-19T19:28:49","guid":{"rendered":"http:\/\/kratlusker.dk\/?page_id=13"},"modified":"2010-11-22T23:10:00","modified_gmt":"2010-11-22T22:10:00","slug":"email-jokes","status":"publish","type":"page","link":"https:\/\/kratlusker.dk\/?page_id=13","title":{"rendered":"Email jokes"},"content":{"rendered":"<p>Vi vil f\u00f8rst lige starte med at sige, at vi er blevet grundigt inspireret til dette af <a href=\"http:\/\/www.alexanderband.dk\/\" target=\"_blank\">Alexanderband<\/a>. Det er en flok hyle morsomme og forn\u00f8jelige mennesker at d\u00f8mme efter deres hjemmeside. Det er dem, der har fundet p\u00e5 konceptet, vi har genbrugt i bedste Kratluskerstil og herunder vil beskrive.<\/p>\n<p>Vores <em>email jokes<\/em> er som navnet nok antyder en stribe morsomme emails, vi har sendt til folk rundt omkring i det ganske danske land for at finde ud af, hvad folk rent faktisk svarer p\u00e5 &#8211; og det er virkeligt overraskende!! Vi har selv moreret os fyrsteligt med at skrive disse emails, der er sendt fra vores k\u00e6re usynlige ven Edvard R\u00f8rdal, men osg\u00e5 over at l\u00e6se nogle af de svar, vi har f\u00e5et. V\u00e6lg mellem de forskellige emails p\u00e5 listen, og l\u00e6s hvad der er blevet skrevet.<\/p>\n<p>Det skal n\u00e6vnes at langt st\u00f8rstedelen af disse emails er skrevet i beruset tilstand, hvilket er den prim\u00e6re \u00e5rsag til de mange stave- og tastefejl de indeholder.<\/p>\n<p>Skulle der v\u00e6re nogle, der skulle der f\u00f8ler sig tr\u00e5dt p\u00e5 over, at vi har h\u00e6ngt dem ud p\u00e5 denne side, m\u00e5 de endelig skrive til webmaster @ kratlusker.dk, s\u00e5 skal vi nok fjerne emailen fra siden.<\/p>\n<h3>Liste med emails<\/h3>\n<ul>\n<li><a href=\"http:\/\/kratlusker.dk\/?p=16\" target=\"_self\">Batterier i fjernbetjening<\/a> &#8211; Krogh&#8217;s Elektronik<\/li>\n<li><a href=\"http:\/\/kratlusker.dk\/?p=22\" target=\"_self\">Behandling af Tint\u00e6ndstik<\/a> &#8211; Tintin&#8217;s fanklub<\/li>\n<li><a href=\"http:\/\/kratlusker.dk\/?p=28\" target=\"_self\">Billig Grus<\/a> &#8211; Fl\u00fcgger Farver<\/li>\n<li><a href=\"http:\/\/kratlusker.dk\/?p=35\" target=\"_self\">B\u00f8rnene v\u00e6k fra gaden<\/a> &#8211; Skole og Kultur udvalget i Aalborg<\/li>\n<li><a href=\"http:\/\/kratlusker.dk\/?p=40\" target=\"_self\">Der er en anden Google<\/a> &#8211; Google bog e-handel<\/li>\n<li><a href=\"http:\/\/kratlusker.dk\/?p=44\">Det tager faktisk hortere<\/a> &#8211; Fakta<\/li>\n<li><a href=\"http:\/\/kratlusker.dk\/?p=47\" target=\"_self\">D\u00f8gnbutik<\/a> &#8211; Netto<\/li>\n<li><a href=\"http:\/\/kratlusker.dk\/?p=50\" target=\"_self\">Familiehj\u00e6lp til perfektionister<\/a> &#8211; Viasat<\/li>\n<li><a href=\"http:\/\/kratlusker.dk\/?p=55\">Farligt materiale<\/a> &#8211; Profa<\/li>\n<li><a href=\"http:\/\/kratlusker.dk\/?p=59\">Fj\u00e6sing p\u00e5 k\u00f8l<\/a> &#8211; Netto-fisk<\/li>\n<li><a href=\"http:\/\/kratlusker.dk\/?p=62\">Fornuft p\u00e5 b\u00e5nd<\/a> &#8211; Rationel Psykoanalyse<\/li>\n<li><a href=\"http:\/\/kratlusker.dk\/?p=64\">Har I roulade?<\/a> &#8211; Dancake<\/li>\n<li><a href=\"http:\/\/kratlusker.dk\/?p=67\">Hj\u00e6lp til flytning af lejlighed<\/a> &#8211; Jet Cab<\/li>\n<li><a href=\"http:\/\/kratlusker.dk\/?p=70\">Hvem er hver?<\/a> &#8211; Rejsekufferten<\/li>\n<li><a href=\"http:\/\/kratlusker.dk\/?p=73\">Hvem st\u00e5r for musikken?<\/a> &#8211; Nicotinell<\/li>\n<li><a href=\"http:\/\/kratlusker.dk\/?p=75\">Hvor skal vi hen?<\/a> &#8211; Dansk Shell<\/li>\n<li><a href=\"http:\/\/kratlusker.dk\/?p=77\">Hvordan bliver man Pave?<\/a> &#8211; Den Katolske kirke i Danmark<\/li>\n<li><a href=\"http:\/\/kratlusker.dk\/?p=80\">Kan I bruge noget billigt skrot?<\/a> &#8211; Genanvendingsplads<\/li>\n<li><a href=\"http:\/\/kratlusker.dk\/?p=83\">Knap og nap<\/a> &#8211; Fl\u00f8jner<\/li>\n<li><a href=\"http:\/\/kratlusker.dk\/?p=85\">Nye ting<\/a> &#8211; Filmzonen<\/li>\n<li><a href=\"http:\/\/kratlusker.dk\/?p=88\">Hvad har I deroppe?<\/a> &#8211; Rundet\u00e5rn<\/li>\n<li><a href=\"http:\/\/kratlusker.dk\/?p=90\">Politiske kartofler<\/a> &#8211; Fakta<\/li>\n<li><a href=\"Skuudsikre veste\">Skuudsikre veste<\/a> &#8211; Esbjerg Politi<\/li>\n<li><a href=\"http:\/\/kratlusker.dk\/?p=94\">Store ting p\u00e5 b\u00e5d?<\/a> &#8211; Stenaline<\/li>\n<li><a href=\"http:\/\/kratlusker.dk\/?p=96\">Trappe i gr\u00f8n<\/a> &#8211; Trip Trap<\/li>\n<li><a href=\"http:\/\/kratlusker.dk\/?p=98\">Ubehagelige reklamer<\/a> &#8211; Sundhed p\u00e5 Internettet<\/li>\n<li><a href=\"http:\/\/kratlusker.dk\/?p=100\">Vedr\u00f8rende udrykning r\u00f8gsignaler<\/a> &#8211; De frivillige brandm\u00e6nd<\/li>\n<\/ul>\n","protected":false},"excerpt":{"rendered":"<p>Vi vil f\u00f8rst lige starte med at sige, at vi er blevet grundigt inspireret til dette af Alexanderband. Det er en flok hyle morsomme og forn\u00f8jelige mennesker at d\u00f8mme efter deres hjemmeside. Det er dem, der har fundet p\u00e5 konceptet, &hellip; <a href=\"https:\/\/kratlusker.dk\/?page_id=13\">L\u00e6s resten <span class=\"meta-nav\">&rarr;<\/span><\/a><\/p>\n","protected":false},"author":2,"featured_media":0,"parent":0,"menu_order":0,"comment_status":"open","ping_status":"open","template":"","meta":{"footnotes":""},"class_list":["post-13","page","type-page","status-publish","hentry"],"_links":{"self":[{"href":"https:\/\/kratlusker.dk\/index.php?rest_route=\/wp\/v2\/pages\/13","targetHints":{"allow":["GET"]}}],"collection":[{"href":"https:\/\/kratlusker.dk\/index.php?rest_route=\/wp\/v2\/pages"}],"about":[{"href":"https:\/\/kratlusker.dk\/index.php?rest_route=\/wp\/v2\/types\/page"}],"author":[{"embeddable":true,"href":"https:\/\/kratlusker.dk\/index.php?rest_route=\/wp\/v2\/users\/2"}],"replies":[{"embeddable":true,"href":"https:\/\/kratlusker.dk\/index.php?rest_route=%2Fwp%2Fv2%2Fcomments&post=13"}],"version-history":[{"count":12,"href":"https:\/\/kratlusker.dk\/index.php?rest_route=\/wp\/v2\/pages\/13\/revisions"}],"predecessor-version":[{"id":15,"href":"https:\/\/kratlusker.dk\/index.php?rest_route=\/wp\/v2\/pages\/13\/revisions\/15"}],"wp:attachment":[{"href":"https:\/\/kratlusker.dk\/index.php?rest_route=%2Fwp%2Fv2%2Fmedia&parent=13"}],"curies":[{"name":"wp","href":"https:\/\/api.w.org\/{rel}","templated":true}]}}